{"id":6719,"date":"2026-01-30T19:46:26","date_gmt":"2026-01-30T18:46:26","guid":{"rendered":"https:\/\/neppers.dk\/woo\/?post_type=product&#038;p=6719"},"modified":"2026-03-29T11:34:59","modified_gmt":"2026-03-29T09:34:59","slug":"strong-magnet-noriko-nails","status":"publish","type":"product","link":"https:\/\/neppers.dk\/woo\/vare\/strong-magnet-noriko-nails\/","title":{"rendered":"Strong Magnet Noriko Nails"},"content":{"rendered":"<p data-start=\"248\" data-end=\"495\"><strong data-start=\"248\" data-end=\"282\">Strong Magnet fra Noriko Nails<\/strong> er et effektivt v\u00e6rkt\u00f8j til nail art med <strong data-start=\"324\" data-end=\"345\">Cat Eye gelpolish<\/strong>.<br data-start=\"346\" data-end=\"349\" \/>Magneten bruges til at tr\u00e6kke de magnetiske pigmenter i Cat Eye-produkter og skabe levende m\u00f8nstre, dybde og lysreflekterende effekter i designet.<\/p>\n<p data-start=\"497\" data-end=\"755\">S\u00e6ttet best\u00e5r af en <strong data-start=\"517\" data-end=\"540\">dobbeltsidet magnet<\/strong> samt <strong data-start=\"546\" data-end=\"613\">udskiftelige metalplader med forskellige former og afslutninger<\/strong>. Det giver dig mulighed for at variere udtrykket og nemt tilpasse m\u00f8nsteret \u2013 b\u00e5de til fuld negledekoration og til <strong data-start=\"729\" data-end=\"754\">fransk Cat Eye-effekt<\/strong>.<\/p>\n<p data-start=\"757\" data-end=\"954\">Ved blot at holde magneten t\u00e6t p\u00e5 den uh\u00e6rdede gelpolish kan du forme alt fra bl\u00f8de lysb\u00e5nd til mere grafiske m\u00f8nstre. Jo t\u00e6ttere og l\u00e6ngere tid magneten holdes, desto mere markant bliver effekten.<\/p>\n<p data-start=\"956\" data-end=\"973\"><strong data-start=\"956\" data-end=\"971\">Egenskaber:<\/strong><\/p>\n<ul>\n<li data-start=\"976\" data-end=\"1014\">Kraftig magnet til Cat Eye gelpolish<\/li>\n<li data-start=\"1017\" data-end=\"1059\">Dobbeltsidet magnet for flere muligheder<\/li>\n<li data-start=\"1062\" data-end=\"1117\">Udskiftelige metalplader med forskellige afslutninger<\/li>\n<li data-start=\"1120\" data-end=\"1163\">G\u00f8r det nemt at skabe variation i m\u00f8nstre<\/li>\n<li data-start=\"1166\" data-end=\"1212\">Velegnet til b\u00e5de helfarve og fransk Cat Eye<\/li>\n<\/ul>\n","protected":false},"excerpt":{"rendered":"<p>Kraftig magnet til Cat Eye gelpolish fra Noriko Nails.<br data-start=\"1315\" data-end=\"1318\" \/>Dobbeltsidet magnet med udskiftelige metalplader til varierede nail art-effekter.<\/p>\n<div class=\"nn-infobox\">\n<p><strong>\ud83d\udca1 Tip:<\/strong><br \/>\nBrug magneten, mens Cat Eye-gelen stadig er uh\u00e6rdet, og eksperiment\u00e9r med afstand og vinkel for at opn\u00e5 forskellige m\u00f8nstre \u2013 fra bl\u00f8de lysreflekser til mere markante linjer.<\/p>\n<\/div>\n","protected":false},"featured_media":6451,"comment_status":"open","ping_status":"closed","template":"","meta":{"_uag_custom_page_level_css":"","site-sidebar-layout":"default","site-content-layout":"","ast-site-content-layout":"default","site-content-style":"default","site-sidebar-style":"default","ast-global-header-display":"","ast-banner-title-visibility":"","ast-main-header-display":"","ast-hfb-above-header-display":"","ast-hfb-below-header-display":"","ast-hfb-mobile-header-display":"","site-post-title":"","ast-breadcrumbs-content":"","ast-featured-img":"","footer-sml-layout":"","ast-disable-related-posts":"","theme-transparent-header-meta":"default","adv-header-id-meta":"","stick-header-meta":"","header-above-stick-meta":"","header-main-stick-meta":"","header-below-stick-meta":"","astra-migrate-meta-layouts":"set","ast-page-background-enabled":"default","ast-page-background-meta":{"desktop":{"background-color":"var(--ast-global-color-5)","background-image":"","background-repeat":"repeat","background-position":"center center","background-size":"auto","background-attachment":"scroll","background-type":"","background-media":"","overlay-type":"","overlay-color":"","overlay-opacity":"","overlay-gradient":""},"tablet":{"background-color":"","background-image":"","background-repeat":"repeat","background-position":"center center","background-size":"auto","background-attachment":"scroll","background-type":"","background-media":"","overlay-type":"","overlay-color":"","overlay-opacity":"","overlay-gradient":""},"mobile":{"background-color":"","background-image":"","background-repeat":"repeat","background-position":"center center","background-size":"auto","background-attachment":"scroll","background-type":"","background-media":"","overlay-type":"","overlay-color":"","overlay-opacity":"","overlay-gradient":""}},"ast-content-background-meta":{"desktop":{"background-color":"var(--ast-global-color-4)","background-image":"","background-repeat":"repeat","background-position":"center center","background-size":"auto","background-attachment":"scroll","background-type":"","background-media":"","overlay-type":"","overlay-color":"","overlay-opacity":"","overlay-gradient":""},"tablet":{"background-color":"var(--ast-global-color-4)","background-image":"","background-repeat":"repeat","background-position":"center center","background-size":"auto","background-attachment":"scroll","background-type":"","background-media":"","overlay-type":"","overlay-color":"","overlay-opacity":"","overlay-gradient":""},"mobile":{"background-color":"var(--ast-global-color-4)","background-image":"","background-repeat":"repeat","background-position":"center center","background-size":"auto","background-attachment":"scroll","background-type":"","background-media":"","overlay-type":"","overlay-color":"","overlay-opacity":"","overlay-gradient":""}},"slim_seo":{"title":"Strong Magnet Noriko Nails \u2013 magnet til Cat Eye gelpolish | Neppers Nails","description":"Strong Magnet Noriko Nails \u2013 magnet til Cat Eye gelpolish | Neppers Nails"}},"product_brand":[30],"product_cat":[3250,530],"product_tag":[1285,3100,3097,3101,3098,3102,3103,3099,3096],"class_list":{"0":"post-6719","1":"product","2":"type-product","3":"status-publish","4":"has-post-thumbnail","6":"product_brand-noriko-nails-kunstneriske-kvalitetsprodukter-til-stylister","7":"product_cat-brand-peak-2","8":"product_cat-nail-art-tools","9":"product_tag-cat-eye-magnet","10":"product_tag-cat-eye-nail-art","11":"product_tag-magnet-til-cat-eye-gelpolish","12":"product_tag-magnetisk-gelpolish","13":"product_tag-nail-art-magnet","14":"product_tag-negle-magnet","15":"product_tag-neppers-nails-nail-art","16":"product_tag-noriko-nails-vaerktoej","17":"product_tag-strong-magnet-noriko","18":"desktop-align-left","19":"tablet-align-center","20":"mobile-align-left","22":"first","23":"instock","24":"taxable","25":"shipping-taxable","26":"purchasable","27":"product-type-simple"},"uagb_featured_image_src":{"full":["https:\/\/i0.wp.com\/neppers.dk\/woo\/wp-content\/uploads\/2026\/01\/Strong-Magnet-Noriko-Nails.jpg?fit=800%2C800&ssl=1",800,800,false],"thumbnail":["https:\/\/i0.wp.com\/neppers.dk\/woo\/wp-content\/uploads\/2026\/01\/Strong-Magnet-Noriko-Nails.jpg?resize=150%2C150&ssl=1",150,150,true],"medium":["https:\/\/i0.wp.com\/neppers.dk\/woo\/wp-content\/uploads\/2026\/01\/Strong-Magnet-Noriko-Nails.jpg?fit=300%2C300&ssl=1",300,300,true],"medium_large":["https:\/\/i0.wp.com\/neppers.dk\/woo\/wp-content\/uploads\/2026\/01\/Strong-Magnet-Noriko-Nails.jpg?fit=768%2C768&ssl=1",768,768,true],"large":["https:\/\/i0.wp.com\/neppers.dk\/woo\/wp-content\/uploads\/2026\/01\/Strong-Magnet-Noriko-Nails.jpg?fit=800%2C800&ssl=1",800,800,true],"1536x1536":["https:\/\/i0.wp.com\/neppers.dk\/woo\/wp-content\/uploads\/2026\/01\/Strong-Magnet-Noriko-Nails.jpg?fit=800%2C800&ssl=1",800,800,true],"2048x2048":["https:\/\/i0.wp.com\/neppers.dk\/woo\/wp-content\/uploads\/2026\/01\/Strong-Magnet-Noriko-Nails.jpg?fit=800%2C800&ssl=1",800,800,true],"lifterlms_certificate_background":["https:\/\/i0.wp.com\/neppers.dk\/woo\/wp-content\/uploads\/2026\/01\/Strong-Magnet-Noriko-Nails.jpg?resize=800%2C616&ssl=1",800,616,true],"llms_notification_icon":["https:\/\/i0.wp.com\/neppers.dk\/woo\/wp-content\/uploads\/2026\/01\/Strong-Magnet-Noriko-Nails.jpg?resize=64%2C64&ssl=1",64,64,true],"woocommerce_thumbnail":["https:\/\/i0.wp.com\/neppers.dk\/woo\/wp-content\/uploads\/2026\/01\/Strong-Magnet-Noriko-Nails.jpg?fit=300%2C300&ssl=1",300,300,true],"woocommerce_single":["https:\/\/i0.wp.com\/neppers.dk\/woo\/wp-content\/uploads\/2026\/01\/Strong-Magnet-Noriko-Nails.jpg?fit=600%2C600&ssl=1",600,600,true],"woocommerce_gallery_thumbnail":["https:\/\/i0.wp.com\/neppers.dk\/woo\/wp-content\/uploads\/2026\/01\/Strong-Magnet-Noriko-Nails.jpg?resize=100%2C100&ssl=1",100,100,true],"variation_swatches_image_size":["https:\/\/i0.wp.com\/neppers.dk\/woo\/wp-content\/uploads\/2026\/01\/Strong-Magnet-Noriko-Nails.jpg?resize=50%2C50&ssl=1",50,50,true],"variation_swatches_tooltip_size":["https:\/\/i0.wp.com\/neppers.dk\/woo\/wp-content\/uploads\/2026\/01\/Strong-Magnet-Noriko-Nails.jpg?resize=100%2C100&ssl=1",100,100,true]},"uagb_author_info":{"display_name":"admin","author_link":"https:\/\/neppers.dk\/woo\/author\/"},"uagb_comment_info":0,"uagb_excerpt":"Kraftig magnet til Cat Eye gelpolish fra Noriko Nails.Dobbeltsidet magnet med udskiftelige metalplader til varierede nail art-effekter. \ud83d\udca1 Tip: Brug magneten, mens Cat Eye-gelen stadig er uh\u00e6rdet, og eksperiment\u00e9r med afstand og vinkel for at opn\u00e5 forskellige m\u00f8nstre \u2013 fra bl\u00f8de lysreflekser til mere markante linjer.","jetpack_sharing_enabled":true,"_links":{"self":[{"href":"https:\/\/neppers.dk\/woo\/wp-json\/wp\/v2\/product\/6719","targetHints":{"allow":["GET"]}}],"collection":[{"href":"https:\/\/neppers.dk\/woo\/wp-json\/wp\/v2\/product"}],"about":[{"href":"https:\/\/neppers.dk\/woo\/wp-json\/wp\/v2\/types\/product"}],"replies":[{"embeddable":true,"href":"https:\/\/neppers.dk\/woo\/wp-json\/wp\/v2\/comments?post=6719"}],"wp:featuredmedia":[{"embeddable":true,"href":"https:\/\/neppers.dk\/woo\/wp-json\/wp\/v2\/media\/6451"}],"wp:attachment":[{"href":"https:\/\/neppers.dk\/woo\/wp-json\/wp\/v2\/media?parent=6719"}],"wp:term":[{"taxonomy":"product_brand","embeddable":true,"href":"https:\/\/neppers.dk\/woo\/wp-json\/wp\/v2\/product_brand?post=6719"},{"taxonomy":"product_cat","embeddable":true,"href":"https:\/\/neppers.dk\/woo\/wp-json\/wp\/v2\/product_cat?post=6719"},{"taxonomy":"product_tag","embeddable":true,"href":"https:\/\/neppers.dk\/woo\/wp-json\/wp\/v2\/product_tag?post=6719"}],"curies":[{"name":"wp","href":"https:\/\/api.w.org\/{rel}","templated":true}]}}