{"id":6715,"date":"2026-01-29T15:19:47","date_gmt":"2026-01-29T14:19:47","guid":{"rendered":"https:\/\/neppers.dk\/woo\/?post_type=product&#038;p=6715"},"modified":"2026-02-12T09:45:10","modified_gmt":"2026-02-12T08:45:10","slug":"peak-basic-uv-nail-tech-certificeret-grunduddannelse","status":"publish","type":"product","link":"https:\/\/neppers.dk\/woo\/vare\/peak-basic-uv-nail-tech-certificeret-grunduddannelse\/","title":{"rendered":"PEAK Basic UV Nail Tech \u2013 Certificeret Grunduddannelse"},"content":{"rendered":"<p data-start=\"879\" data-end=\"1097\">\ud83d\udda4 <strong data-start=\"196\" data-end=\"211\">Beskrivelse<\/strong><\/p>\n<p data-start=\"1376\" data-end=\"1494\">PEAK Basic UV Nail Tech er et samlet uddannelsesforl\u00f8b, hvor du f\u00e5r en grundig og professionel indf\u00f8ring i gelnegle.<\/p>\n<p data-start=\"1501\" data-end=\"1634\">Forl\u00f8bet er bygget op, s\u00e5 du l\u00e6rer teknikkerne korrekt fra starten og f\u00e5r forst\u00e5else for b\u00e5de materialer, hygiejne og arbejdsgange.<\/p>\n<p data-start=\"1641\" data-end=\"1750\">Uddannelsen str\u00e6kker sig over 16\u201326 uger og kombinerer fysiske kursusdage, hjemmetr\u00e6ning og l\u00f8bende feedback.<\/p>\n","protected":false},"excerpt":{"rendered":"<p data-start=\"944\" data-end=\"1115\"><strong data-start=\"944\" data-end=\"971\">PEAK Basic UV Nail Tech<\/strong> er en certificeret grunduddannelse for dig, der vil arbejde professionelt med gelnegle \u2013 med fokus p\u00e5 teknik, sikkerhed og faglig forst\u00e5else.<\/p>\n<p data-start=\"1122\" data-end=\"1294\">Uddannelsen kombinerer teori, praksis og hjemmetr\u00e6ning, s\u00e5 du opbygger b\u00e5de viden og rutine over tid. Du undervises p\u00e5 sm\u00e5 hold og bliver fulgt hele vejen frem mod eksamen.<\/p>\n","protected":false},"featured_media":6717,"comment_status":"open","ping_status":"closed","template":"","meta":{"_uag_custom_page_level_css":"","site-sidebar-layout":"default","site-content-layout":"","ast-site-content-layout":"default","site-content-style":"default","site-sidebar-style":"default","ast-global-header-display":"","ast-banner-title-visibility":"","ast-main-header-display":"","ast-hfb-above-header-display":"","ast-hfb-below-header-display":"","ast-hfb-mobile-header-display":"","site-post-title":"","ast-breadcrumbs-content":"","ast-featured-img":"","footer-sml-layout":"","ast-disable-related-posts":"","theme-transparent-header-meta":"default","adv-header-id-meta":"","stick-header-meta":"","header-above-stick-meta":"","header-main-stick-meta":"","header-below-stick-meta":"","astra-migrate-meta-layouts":"set","ast-page-background-enabled":"default","ast-page-background-meta":{"desktop":{"background-color":"var(--ast-global-color-5)","background-image":"","background-repeat":"repeat","background-position":"center center","background-size":"auto","background-attachment":"scroll","background-type":"","background-media":"","overlay-type":"","overlay-color":"","overlay-opacity":"","overlay-gradient":""},"tablet":{"background-color":"","background-image":"","background-repeat":"repeat","background-position":"center center","background-size":"auto","background-attachment":"scroll","background-type":"","background-media":"","overlay-type":"","overlay-color":"","overlay-opacity":"","overlay-gradient":""},"mobile":{"background-color":"","background-image":"","background-repeat":"repeat","background-position":"center center","background-size":"auto","background-attachment":"scroll","background-type":"","background-media":"","overlay-type":"","overlay-color":"","overlay-opacity":"","overlay-gradient":""}},"ast-content-background-meta":{"desktop":{"background-color":"var(--ast-global-color-4)","background-image":"","background-repeat":"repeat","background-position":"center center","background-size":"auto","background-attachment":"scroll","background-type":"","background-media":"","overlay-type":"","overlay-color":"","overlay-opacity":"","overlay-gradient":""},"tablet":{"background-color":"var(--ast-global-color-4)","background-image":"","background-repeat":"repeat","background-position":"center center","background-size":"auto","background-attachment":"scroll","background-type":"","background-media":"","overlay-type":"","overlay-color":"","overlay-opacity":"","overlay-gradient":""},"mobile":{"background-color":"var(--ast-global-color-4)","background-image":"","background-repeat":"repeat","background-position":"center center","background-size":"auto","background-attachment":"scroll","background-type":"","background-media":"","overlay-type":"","overlay-color":"","overlay-opacity":"","overlay-gradient":""}},"slim_seo":{"title":"PEAK Basic UV Nail Tech \u2013 Certificeret Grunduddannelse - Neppers Shop","description":"PEAK Basic UV Nail Tech er en certificeret grunduddannelse for dig, der vil arbejde professionelt med gelnegle \u2013 med fokus p\u00e5 teknik, sikkerhed og faglig forst\u00e5"}},"product_brand":[18],"product_cat":[3076],"product_tag":[],"class_list":{"0":"post-6715","1":"product","2":"type-product","3":"status-publish","4":"has-post-thumbnail","6":"product_brand-peak-neppers-nails-eget-brand-med-gennemtestede-produkter","7":"product_cat-kurser-uddannelser","8":"desktop-align-left","9":"tablet-align-center","10":"mobile-align-left","12":"first","13":"instock","14":"featured","15":"taxable","16":"shipping-taxable","17":"purchasable","18":"product-type-simple"},"uagb_featured_image_src":{"full":["https:\/\/i0.wp.com\/neppers.dk\/woo\/wp-content\/uploads\/2026\/01\/Basic-Nail-Tech.jpg?fit=300%2C300&ssl=1",300,300,false],"thumbnail":["https:\/\/i0.wp.com\/neppers.dk\/woo\/wp-content\/uploads\/2026\/01\/Basic-Nail-Tech.jpg?resize=150%2C150&ssl=1",150,150,true],"medium":["https:\/\/i0.wp.com\/neppers.dk\/woo\/wp-content\/uploads\/2026\/01\/Basic-Nail-Tech.jpg?fit=300%2C300&ssl=1",300,300,true],"medium_large":["https:\/\/i0.wp.com\/neppers.dk\/woo\/wp-content\/uploads\/2026\/01\/Basic-Nail-Tech.jpg?fit=300%2C300&ssl=1",300,300,true],"large":["https:\/\/i0.wp.com\/neppers.dk\/woo\/wp-content\/uploads\/2026\/01\/Basic-Nail-Tech.jpg?fit=300%2C300&ssl=1",300,300,true],"1536x1536":["https:\/\/i0.wp.com\/neppers.dk\/woo\/wp-content\/uploads\/2026\/01\/Basic-Nail-Tech.jpg?fit=300%2C300&ssl=1",300,300,true],"2048x2048":["https:\/\/i0.wp.com\/neppers.dk\/woo\/wp-content\/uploads\/2026\/01\/Basic-Nail-Tech.jpg?fit=300%2C300&ssl=1",300,300,true],"lifterlms_certificate_background":["https:\/\/i0.wp.com\/neppers.dk\/woo\/wp-content\/uploads\/2026\/01\/Basic-Nail-Tech.jpg?resize=300%2C300&ssl=1",300,300,true],"llms_notification_icon":["https:\/\/i0.wp.com\/neppers.dk\/woo\/wp-content\/uploads\/2026\/01\/Basic-Nail-Tech.jpg?resize=64%2C64&ssl=1",64,64,true],"woocommerce_thumbnail":["https:\/\/i0.wp.com\/neppers.dk\/woo\/wp-content\/uploads\/2026\/01\/Basic-Nail-Tech.jpg?fit=300%2C300&ssl=1",300,300,true],"woocommerce_single":["https:\/\/i0.wp.com\/neppers.dk\/woo\/wp-content\/uploads\/2026\/01\/Basic-Nail-Tech.jpg?fit=300%2C300&ssl=1",300,300,true],"woocommerce_gallery_thumbnail":["https:\/\/i0.wp.com\/neppers.dk\/woo\/wp-content\/uploads\/2026\/01\/Basic-Nail-Tech.jpg?resize=100%2C100&ssl=1",100,100,true],"variation_swatches_image_size":["https:\/\/i0.wp.com\/neppers.dk\/woo\/wp-content\/uploads\/2026\/01\/Basic-Nail-Tech.jpg?resize=50%2C50&ssl=1",50,50,true],"variation_swatches_tooltip_size":["https:\/\/i0.wp.com\/neppers.dk\/woo\/wp-content\/uploads\/2026\/01\/Basic-Nail-Tech.jpg?resize=100%2C100&ssl=1",100,100,true]},"uagb_author_info":{"display_name":"admin","author_link":"https:\/\/neppers.dk\/woo\/author\/"},"uagb_comment_info":0,"uagb_excerpt":"PEAK Basic UV Nail Tech er en certificeret grunduddannelse for dig, der vil arbejde professionelt med gelnegle \u2013 med fokus p\u00e5 teknik, sikkerhed og faglig forst\u00e5else. Uddannelsen kombinerer teori, praksis og hjemmetr\u00e6ning, s\u00e5 du opbygger b\u00e5de viden og rutine over tid. Du undervises p\u00e5 sm\u00e5 hold og bliver fulgt hele vejen frem mod eksamen.","jetpack_sharing_enabled":true,"_links":{"self":[{"href":"https:\/\/neppers.dk\/woo\/wp-json\/wp\/v2\/product\/6715","targetHints":{"allow":["GET"]}}],"collection":[{"href":"https:\/\/neppers.dk\/woo\/wp-json\/wp\/v2\/product"}],"about":[{"href":"https:\/\/neppers.dk\/woo\/wp-json\/wp\/v2\/types\/product"}],"replies":[{"embeddable":true,"href":"https:\/\/neppers.dk\/woo\/wp-json\/wp\/v2\/comments?post=6715"}],"wp:featuredmedia":[{"embeddable":true,"href":"https:\/\/neppers.dk\/woo\/wp-json\/wp\/v2\/media\/6717"}],"wp:attachment":[{"href":"https:\/\/neppers.dk\/woo\/wp-json\/wp\/v2\/media?parent=6715"}],"wp:term":[{"taxonomy":"product_brand","embeddable":true,"href":"https:\/\/neppers.dk\/woo\/wp-json\/wp\/v2\/product_brand?post=6715"},{"taxonomy":"product_cat","embeddable":true,"href":"https:\/\/neppers.dk\/woo\/wp-json\/wp\/v2\/product_cat?post=6715"},{"taxonomy":"product_tag","embeddable":true,"href":"https:\/\/neppers.dk\/woo\/wp-json\/wp\/v2\/product_tag?post=6715"}],"curies":[{"name":"wp","href":"https:\/\/api.w.org\/{rel}","templated":true}]}}