{"id":4764,"date":"2025-10-24T10:58:22","date_gmt":"2025-10-24T08:58:22","guid":{"rendered":"https:\/\/neppers.dk\/woo\/?post_type=product&#038;p=4764"},"modified":"2025-10-31T11:00:31","modified_gmt":"2025-10-31T10:00:31","slug":"gel-polish-collection-5-x-10-ml","status":"publish","type":"product","link":"https:\/\/neppers.dk\/woo\/vare\/gel-polish-collection-5-x-10-ml\/","title":{"rendered":"GEL POLISH COLLECTION 5 X 10 ML"},"content":{"rendered":"<p><strong>Norikos gelpolishkollektioner er \u00a0pakket i en yderst elegant sort \u00e6ske med magnetlukning og indeholder 5 farver\u00a0<\/strong><\/p>\n<ul>\n<li><strong>Happy Fall Y&#8217;All\u00a0<\/strong>&#8211;\u00a0 passer til efter\u00e5rets trends,<br \/>\n003 Come to Mama, 026 Terracotta, 085 Bahama Mama 101 Nana Banana , 108 Hot Chick.<\/li>\n<li><strong>Fall Breez &amp; Autumn Leaves<\/strong> &#8211;\u00a0 refererer til \u00e5rstiden<br \/>\n150 Olena, 175 Go\u0142d Leaf, 176 Sherwood, 177 I Can Hide, 180 I Love Trouble.<\/li>\n<li><strong>FUN IN THE SUN<\/strong> &#8211; passer til sol og sommer<br \/>\n191, 192, 193, 194, 195<\/li>\n<li><strong>GLASS SHATTER FAST &#8211;<\/strong>Gennemsigtig gelpolish til fantastiske effekter og farver.<br \/>\n196 Yellow Lollipop, 197 Pink Lightnng, 199 Cranberry, 201 Blue Skies, 203 Bottle Green.<\/li>\n<li><strong>HELLO PASTELLO &#8211; <\/strong> 5 pastelfarver:<br \/>\n111 Aqua Wish, 112 Lime Cream, 113 Bublegum, 114 Blackberry Yogurt i 115 Teen-Weeny.<\/li>\n<li><strong>Hey, Sexy Lady<\/strong>&#8211; elegante nuancer af r\u00f8d og pink, som vil v\u00e6re perfekt til en romantisk middag for to, Valentinsdag, en forretningsbegivenhed eller en julemiddag. Eller hvis man bare kan lide r\u00f8de negle.<br \/>\n001 Sweet Wine, 004 Billy Loves Chilli, 071 Dark Sanctuary, 093 Disco Glitter, 096 Lover.<\/li>\n<li><strong>Kitty in the City<\/strong>&#8211; flash- og kam\u00e6leoneffekt\u00a0, som f\u00e5r dem til at flimre og skifte farve afh\u00e6ngigt af lysets indfaldsvinkel. Den ligner nordlys p\u00e5 aftenhimlen.<br \/>\nKitty in the City-kollektionen er pakket i en yderst elegant sort \u00e6ske med magnetlukning og indeholder 5 farver:156 Im Purrfect, 157 Today is CATurday, 158 Stay Pawsitive, 159 Are You Kitten Meow ? 160 Little King<\/li>\n<li><strong>LAST SWING BEFORE THE RING<\/strong> &#8211; semitranspearente nude nuancer.<br \/>\n181 Has anyone seen the ring,\u00a0183 Wedding Time,\u00a0185 Mr. &amp; Mrs.,\u00a0188 Perfect Match,\u00a0190 Lovestory<\/li>\n<li><strong>Naked Truth<\/strong>&#8211; nude NUANCER:<br \/>\n116 Im Naked, 117 Sandcastle, 118 Make-or-Break, 119 Just Sine!, 120 Peach Glam.<\/li>\n<li><strong>SHINE LIKE A STAR<\/strong> &#8211; 5 indeholdende skinnende flager.<\/li>\n<li><strong>Spirit Glow Collection<\/strong> &#8211; skinnende flager. Farverne kan p\u00e5f\u00f8res enhver farve, s\u00e5 slutresultatet bliver forskelligt hver gang.\u00a0Disse neglelakker vil helt sikkert erstatte smykker og vil v\u00e6re en elegant dekoration til dine h\u00e6nder og negle.<br \/>\n152 Aura Flare, 161 Elf Dust, 162 Kobber Glitz, 163 Glam More, 164 I&#8217;m a princess<\/li>\n<li><strong>SWEATER WEATHER &#8211; <\/strong>\u00a0udvalgt med de fremherskende vintertrends i tankerne.<br \/>\n095 Mooddust, 075 Tomboy, 091 Cassiopeia, 077 Dreamer, 035 Creamy White.<\/li>\n<\/ul>\n","protected":false},"excerpt":{"rendered":"<p>Norikos gelpolishkollektioner er \u00a0pakket i en yderst elegant sort \u00e6ske med magnetlukning og indeholder 5 farver\u00a0 Happy Fall Y&#8217;All\u00a0&#8211;\u00a0 passer [&hellip;]<\/p>\n","protected":false},"featured_media":0,"comment_status":"open","ping_status":"closed","template":"","meta":{"_uag_custom_page_level_css":"","site-sidebar-layout":"default","site-content-layout":"","ast-site-content-layout":"default","site-content-style":"default","site-sidebar-style":"default","ast-global-header-display":"","ast-banner-title-visibility":"","ast-main-header-display":"","ast-hfb-above-header-display":"","ast-hfb-below-header-display":"","ast-hfb-mobile-header-display":"","site-post-title":"","ast-breadcrumbs-content":"","ast-featured-img":"","footer-sml-layout":"","ast-disable-related-posts":"","theme-transparent-header-meta":"default","adv-header-id-meta":"","stick-header-meta":"","header-above-stick-meta":"","header-main-stick-meta":"","header-below-stick-meta":"","astra-migrate-meta-layouts":"set","ast-page-background-enabled":"default","ast-page-background-meta":{"desktop":{"background-color":"var(--ast-global-color-5)","background-image":"","background-repeat":"repeat","background-position":"center center","background-size":"auto","background-attachment":"scroll","background-type":"","background-media":"","overlay-type":"","overlay-color":"","overlay-opacity":"","overlay-gradient":""},"tablet":{"background-color":"","background-image":"","background-repeat":"repeat","background-position":"center center","background-size":"auto","background-attachment":"scroll","background-type":"","background-media":"","overlay-type":"","overlay-color":"","overlay-opacity":"","overlay-gradient":""},"mobile":{"background-color":"","background-image":"","background-repeat":"repeat","background-position":"center center","background-size":"auto","background-attachment":"scroll","background-type":"","background-media":"","overlay-type":"","overlay-color":"","overlay-opacity":"","overlay-gradient":""}},"ast-content-background-meta":{"desktop":{"background-color":"var(--ast-global-color-4)","background-image":"","background-repeat":"repeat","background-position":"center center","background-size":"auto","background-attachment":"scroll","background-type":"","background-media":"","overlay-type":"","overlay-color":"","overlay-opacity":"","overlay-gradient":""},"tablet":{"background-color":"var(--ast-global-color-4)","background-image":"","background-repeat":"repeat","background-position":"center center","background-size":"auto","background-attachment":"scroll","background-type":"","background-media":"","overlay-type":"","overlay-color":"","overlay-opacity":"","overlay-gradient":""},"mobile":{"background-color":"var(--ast-global-color-4)","background-image":"","background-repeat":"repeat","background-position":"center center","background-size":"auto","background-attachment":"scroll","background-type":"","background-media":"","overlay-type":"","overlay-color":"","overlay-opacity":"","overlay-gradient":""}},"slim_seo":{"title":"GEL POLISH COLLECTION 5 X 10 ML - Neppers Shop","description":"Norikos gelpolishkollektioner er \u00a0pakket i en yderst elegant sort \u00e6ske med magnetlukning og indeholder 5 farver\u00a0 Happy Fall Y'All\u00a0 -\u00a0 passer til efter\u00e5rets tren"}},"product_brand":[30],"product_cat":[91],"product_tag":[],"class_list":{"0":"post-4764","1":"product","2":"type-product","3":"status-publish","5":"product_brand-noriko-nails-kunstneriske-kvalitetsprodukter-til-stylister","6":"product_cat--kits-kollektioner","7":"desktop-align-left","8":"tablet-align-center","9":"mobile-align-left","11":"first","12":"outofstock","13":"taxable","14":"shipping-taxable","15":"purchasable","16":"product-type-simple"},"uagb_featured_image_src":{"full":false,"thumbnail":false,"medium":false,"medium_large":false,"large":false,"1536x1536":false,"2048x2048":false,"lifterlms_certificate_background":false,"llms_notification_icon":false,"woocommerce_thumbnail":false,"woocommerce_single":false,"woocommerce_gallery_thumbnail":false,"variation_swatches_image_size":false,"variation_swatches_tooltip_size":false},"uagb_author_info":{"display_name":"admin","author_link":"https:\/\/neppers.dk\/woo\/author\/"},"uagb_comment_info":0,"uagb_excerpt":"Norikos gelpolishkollektioner er \u00a0pakket i en yderst elegant sort \u00e6ske med magnetlukning og indeholder 5 farver\u00a0 Happy Fall Y&#8217;All\u00a0&#8211;\u00a0 passer [&hellip;]","jetpack_sharing_enabled":true,"_links":{"self":[{"href":"https:\/\/neppers.dk\/woo\/wp-json\/wp\/v2\/product\/4764","targetHints":{"allow":["GET"]}}],"collection":[{"href":"https:\/\/neppers.dk\/woo\/wp-json\/wp\/v2\/product"}],"about":[{"href":"https:\/\/neppers.dk\/woo\/wp-json\/wp\/v2\/types\/product"}],"replies":[{"embeddable":true,"href":"https:\/\/neppers.dk\/woo\/wp-json\/wp\/v2\/comments?post=4764"}],"wp:attachment":[{"href":"https:\/\/neppers.dk\/woo\/wp-json\/wp\/v2\/media?parent=4764"}],"wp:term":[{"taxonomy":"product_brand","embeddable":true,"href":"https:\/\/neppers.dk\/woo\/wp-json\/wp\/v2\/product_brand?post=4764"},{"taxonomy":"product_cat","embeddable":true,"href":"https:\/\/neppers.dk\/woo\/wp-json\/wp\/v2\/product_cat?post=4764"},{"taxonomy":"product_tag","embeddable":true,"href":"https:\/\/neppers.dk\/woo\/wp-json\/wp\/v2\/product_tag?post=4764"}],"curies":[{"name":"wp","href":"https:\/\/api.w.org\/{rel}","templated":true}]}}