{"id":2478,"date":"2025-09-25T15:41:00","date_gmt":"2025-09-25T13:41:00","guid":{"rendered":"https:\/\/neppers.dk\/woo\/?post_type=product&#038;p=2478"},"modified":"2026-01-02T10:18:31","modified_gmt":"2026-01-02T09:18:31","slug":"plejetips-til-neglekunder-10-stk-foldbart-visitkortstr","status":"publish","type":"product","link":"https:\/\/neppers.dk\/woo\/vare\/plejetips-til-neglekunder-10-stk-foldbart-visitkortstr\/","title":{"rendered":"Plejetips til neglekunder \u2013 10 stk (foldbart visitkortstr.)"},"content":{"rendered":"<p data-start=\"1393\" data-end=\"1609\">Giv dine kunder det vigtigste med hjem. <strong data-start=\"1430\" data-end=\"1472\">Foldede plejetips i visitkortst\u00f8rrelse<\/strong> hj\u00e6lper kunderne med korrekt pleje mellem bes\u00f8gene \u2013 og reducerer reklamationer. Bagsiden har plads til <strong data-start=\"1577\" data-end=\"1597\">dit salonstempel<\/strong>, s\u00e5 kunden altid kan finde dig igen.<\/p>\n","protected":false},"excerpt":{"rendered":"<p>10 stk \u00b7 Foldbar visitkortst\u00f8rrelse \u00b7 Plads til salonstempel \u00b7 Kundeservice &amp; efterpleje<\/p>\n","protected":false},"featured_media":2470,"comment_status":"open","ping_status":"closed","template":"","meta":{"_uag_custom_page_level_css":"","site-sidebar-layout":"default","site-content-layout":"","ast-site-content-layout":"default","site-content-style":"default","site-sidebar-style":"default","ast-global-header-display":"","ast-banner-title-visibility":"","ast-main-header-display":"","ast-hfb-above-header-display":"","ast-hfb-below-header-display":"","ast-hfb-mobile-header-display":"","site-post-title":"","ast-breadcrumbs-content":"","ast-featured-img":"","footer-sml-layout":"","ast-disable-related-posts":"","theme-transparent-header-meta":"default","adv-header-id-meta":"","stick-header-meta":"","header-above-stick-meta":"","header-main-stick-meta":"","header-below-stick-meta":"","astra-migrate-meta-layouts":"set","ast-page-background-enabled":"default","ast-page-background-meta":{"desktop":{"background-color":"var(--ast-global-color-5)","background-image":"","background-repeat":"repeat","background-position":"center center","background-size":"auto","background-attachment":"scroll","background-type":"","background-media":"","overlay-type":"","overlay-color":"","overlay-opacity":"","overlay-gradient":""},"tablet":{"background-color":"","background-image":"","background-repeat":"repeat","background-position":"center center","background-size":"auto","background-attachment":"scroll","background-type":"","background-media":"","overlay-type":"","overlay-color":"","overlay-opacity":"","overlay-gradient":""},"mobile":{"background-color":"","background-image":"","background-repeat":"repeat","background-position":"center center","background-size":"auto","background-attachment":"scroll","background-type":"","background-media":"","overlay-type":"","overlay-color":"","overlay-opacity":"","overlay-gradient":""}},"ast-content-background-meta":{"desktop":{"background-color":"var(--ast-global-color-4)","background-image":"","background-repeat":"repeat","background-position":"center center","background-size":"auto","background-attachment":"scroll","background-type":"","background-media":"","overlay-type":"","overlay-color":"","overlay-opacity":"","overlay-gradient":""},"tablet":{"background-color":"var(--ast-global-color-4)","background-image":"","background-repeat":"repeat","background-position":"center center","background-size":"auto","background-attachment":"scroll","background-type":"","background-media":"","overlay-type":"","overlay-color":"","overlay-opacity":"","overlay-gradient":""},"mobile":{"background-color":"var(--ast-global-color-4)","background-image":"","background-repeat":"repeat","background-position":"center center","background-size":"auto","background-attachment":"scroll","background-type":"","background-media":"","overlay-type":"","overlay-color":"","overlay-opacity":"","overlay-gradient":""}},"slim_seo":{"title":"Plejetips til neglekunder \u2013 10 stk | Neppers Nails","description":"Foldede plejetips i visitkortst\u00f8rrelse med plads til salonstempel. Pakke \u00e1 10 stk. Hj\u00e6lper kunderne med korrekt efterpleje mellem bes\u00f8g."}},"product_brand":[18],"product_cat":[3060,540],"product_tag":[1263,1264,1259,1262,1265],"class_list":{"0":"post-2478","1":"product","2":"type-product","3":"status-publish","4":"has-post-thumbnail","6":"product_brand-peak-neppers-nails-eget-brand-med-gennemtestede-produkter","7":"product_cat-brand-peak","8":"product_cat-merch","9":"product_tag-efterpleje-kunder","10":"product_tag-kundekort-negle","11":"product_tag-merch-klinik","12":"product_tag-plejetips-negle","13":"product_tag-salonstempel","14":"pa_farver-pink","15":"pa_farver-sort","16":"desktop-align-left","17":"tablet-align-center","18":"mobile-align-left","20":"first","21":"instock","22":"taxable","23":"shipping-taxable","24":"purchasable","25":"product-type-simple"},"uagb_featured_image_src":{"full":["https:\/\/i0.wp.com\/neppers.dk\/woo\/wp-content\/uploads\/2025\/09\/Plejetips-NYE.jpg?fit=800%2C800&ssl=1",800,800,false],"thumbnail":["https:\/\/i0.wp.com\/neppers.dk\/woo\/wp-content\/uploads\/2025\/09\/Plejetips-NYE.jpg?resize=150%2C150&ssl=1",150,150,true],"medium":["https:\/\/i0.wp.com\/neppers.dk\/woo\/wp-content\/uploads\/2025\/09\/Plejetips-NYE.jpg?fit=300%2C300&ssl=1",300,300,true],"medium_large":["https:\/\/i0.wp.com\/neppers.dk\/woo\/wp-content\/uploads\/2025\/09\/Plejetips-NYE.jpg?fit=768%2C768&ssl=1",768,768,true],"large":["https:\/\/i0.wp.com\/neppers.dk\/woo\/wp-content\/uploads\/2025\/09\/Plejetips-NYE.jpg?fit=800%2C800&ssl=1",800,800,true],"1536x1536":["https:\/\/i0.wp.com\/neppers.dk\/woo\/wp-content\/uploads\/2025\/09\/Plejetips-NYE.jpg?fit=800%2C800&ssl=1",800,800,true],"2048x2048":["https:\/\/i0.wp.com\/neppers.dk\/woo\/wp-content\/uploads\/2025\/09\/Plejetips-NYE.jpg?fit=800%2C800&ssl=1",800,800,true],"lifterlms_certificate_background":["https:\/\/i0.wp.com\/neppers.dk\/woo\/wp-content\/uploads\/2025\/09\/Plejetips-NYE.jpg?resize=800%2C616&ssl=1",800,616,true],"llms_notification_icon":["https:\/\/i0.wp.com\/neppers.dk\/woo\/wp-content\/uploads\/2025\/09\/Plejetips-NYE.jpg?resize=64%2C64&ssl=1",64,64,true],"woocommerce_thumbnail":["https:\/\/i0.wp.com\/neppers.dk\/woo\/wp-content\/uploads\/2025\/09\/Plejetips-NYE.jpg?fit=300%2C300&ssl=1",300,300,true],"woocommerce_single":["https:\/\/i0.wp.com\/neppers.dk\/woo\/wp-content\/uploads\/2025\/09\/Plejetips-NYE.jpg?fit=600%2C600&ssl=1",600,600,true],"woocommerce_gallery_thumbnail":["https:\/\/i0.wp.com\/neppers.dk\/woo\/wp-content\/uploads\/2025\/09\/Plejetips-NYE.jpg?resize=100%2C100&ssl=1",100,100,true],"variation_swatches_image_size":["https:\/\/i0.wp.com\/neppers.dk\/woo\/wp-content\/uploads\/2025\/09\/Plejetips-NYE.jpg?resize=50%2C50&ssl=1",50,50,true],"variation_swatches_tooltip_size":["https:\/\/i0.wp.com\/neppers.dk\/woo\/wp-content\/uploads\/2025\/09\/Plejetips-NYE.jpg?resize=100%2C100&ssl=1",100,100,true]},"uagb_author_info":{"display_name":"admin","author_link":"https:\/\/neppers.dk\/woo\/author\/"},"uagb_comment_info":0,"uagb_excerpt":"10 stk \u00b7 Foldbar visitkortst\u00f8rrelse \u00b7 Plads til salonstempel \u00b7 Kundeservice &amp; efterpleje","jetpack_sharing_enabled":true,"_links":{"self":[{"href":"https:\/\/neppers.dk\/woo\/wp-json\/wp\/v2\/product\/2478","targetHints":{"allow":["GET"]}}],"collection":[{"href":"https:\/\/neppers.dk\/woo\/wp-json\/wp\/v2\/product"}],"about":[{"href":"https:\/\/neppers.dk\/woo\/wp-json\/wp\/v2\/types\/product"}],"replies":[{"embeddable":true,"href":"https:\/\/neppers.dk\/woo\/wp-json\/wp\/v2\/comments?post=2478"}],"wp:featuredmedia":[{"embeddable":true,"href":"https:\/\/neppers.dk\/woo\/wp-json\/wp\/v2\/media\/2470"}],"wp:attachment":[{"href":"https:\/\/neppers.dk\/woo\/wp-json\/wp\/v2\/media?parent=2478"}],"wp:term":[{"taxonomy":"product_brand","embeddable":true,"href":"https:\/\/neppers.dk\/woo\/wp-json\/wp\/v2\/product_brand?post=2478"},{"taxonomy":"product_cat","embeddable":true,"href":"https:\/\/neppers.dk\/woo\/wp-json\/wp\/v2\/product_cat?post=2478"},{"taxonomy":"product_tag","embeddable":true,"href":"https:\/\/neppers.dk\/woo\/wp-json\/wp\/v2\/product_tag?post=2478"}],"curies":[{"name":"wp","href":"https:\/\/api.w.org\/{rel}","templated":true}]}}