{"id":7827,"date":"2026-03-07T18:48:18","date_gmt":"2026-03-07T17:48:18","guid":{"rendered":"https:\/\/neppers.dk\/woo\/?page_id=7827"},"modified":"2026-03-07T18:48:21","modified_gmt":"2026-03-07T17:48:21","slug":"alle-artikler-fra-neglenoerderierne","status":"publish","type":"page","link":"https:\/\/neppers.dk\/woo\/alle-artikler-fra-neglenoerderierne\/","title":{"rendered":"Alle Artikler fra Neglen\u00f8rderierne"},"content":{"rendered":"\n<p><em>sorteret i kategorier med de nyeste indl\u00e6g \u00f8vers<\/em>t<\/p>\n\n\n\n<div class=\"wp-block-uagb-advanced-heading uagb-block-68c2b6ae\"><h2 class=\"uagb-heading-text\"><strong>\ud83d\udd2c Neglen\u00f8rderi<\/strong><\/h2><\/div>\n\n\n<ul class=\"wp-block-latest-posts__list wp-block-latest-posts\"><li><a class=\"wp-block-latest-posts__post-title\" href=\"https:\/\/neppers.dk\/woo\/%f0%9f%94%ac-naar-lampen-lyser-men-gelen-ikke-haerder-%f0%9f%94%a6\/\">\ud83d\udd2c N\u00e5r lampen lyser \u2013 men gelen ikke h\u00e6rder \ud83d\udd26<\/a><\/li>\n<li><a class=\"wp-block-latest-posts__post-title\" href=\"https:\/\/neppers.dk\/woo\/%f0%9f%94%ac-neglenoerderi-eu-forbud-mod-tpo\/\">\ud83d\udd2c EU-forbud mod TPO<\/a><\/li>\n<li><a class=\"wp-block-latest-posts__post-title\" href=\"https:\/\/neppers.dk\/woo\/%f0%9f%96%8c-penselpraecision-saadan-speeder-du-dine-behandlinger-op\/\">\ud83d\udd2c S\u00e5dan speeder du dine behandlinger op<\/a><\/li>\n<li><a class=\"wp-block-latest-posts__post-title\" href=\"https:\/\/neppers.dk\/woo\/%f0%9f%94%ac-neglenoerderi-byg-dig-til-bedre-holdbarhed\/\">\ud83d\udd2c \u00a0Byg dig til bedre holdbarhed<\/a><\/li>\n<li><a class=\"wp-block-latest-posts__post-title\" href=\"https:\/\/neppers.dk\/woo\/%f0%9f%94%ac-neglenoerderi-er-du-allergisk-over-for-akryl\/\">\ud83d\udd2c  Er du allergisk over for akryl?<\/a><\/li>\n<\/ul>\n\n\n<p><\/p>\n\n\n\n<div class=\"wp-block-uagb-advanced-heading uagb-block-e1c15710\"><h2 class=\"uagb-heading-text\"><strong>\ud83d\udd8c PenselPr\u00e6cision<\/strong><\/h2><\/div>\n\n\n<ul class=\"wp-block-latest-posts__list wp-block-latest-posts\"><\/ul>\n\n\n<p><\/p>\n\n\n\n<div class=\"wp-block-uagb-advanced-heading uagb-block-2f5f26bd\"><h2 class=\"uagb-heading-text\"><strong>\ud83d\udcac SalonSnak<\/strong><\/h2><\/div>\n\n\n<ul class=\"wp-block-latest-posts__list wp-block-latest-posts\"><li><a class=\"wp-block-latest-posts__post-title\" href=\"https:\/\/neppers.dk\/woo\/%f0%9f%92%ac-mobilepay-i-salonen\/\">\ud83d\udcac   MobilePay i salonen?<\/a><\/li>\n<li><a class=\"wp-block-latest-posts__post-title\" href=\"https:\/\/neppers.dk\/woo\/%e2%9c%82-fredagsfilen-neglesalonhistorier-du-bare-skal-hoere\/\">\ud83d\udcac\u00a0Neglesalonhistorier, du bare skal h\u00f8re\u2026<\/a><\/li>\n<li><a class=\"wp-block-latest-posts__post-title\" href=\"https:\/\/neppers.dk\/woo\/%f0%9f%92%ac-salonsnak-share-the-love\/\">\ud83d\udcac \u00a0SHARE THE LOVE<\/a><\/li>\n<li><a class=\"wp-block-latest-posts__post-title\" href=\"https:\/\/neppers.dk\/woo\/%f0%9f%92%ac-salonsnak-skil-dig-ud\/\">\ud83d\udcac  \u00a0Skil dig ud<\/a><\/li>\n<li><a class=\"wp-block-latest-posts__post-title\" href=\"https:\/\/neppers.dk\/woo\/%f0%9f%92%ac-salonsnak-hvorfor-holder-dine-negleextensions-ikke\/\">\ud83d\udcac  \u00a0Hvorfor holder dine negleextensions ikke?<\/a><\/li>\n<\/ul>\n\n\n<p><\/p>\n\n\n\n<div class=\"wp-block-uagb-advanced-heading uagb-block-d7507c7b\"><h2 class=\"uagb-heading-text\"><strong>\u2728 ProduktSpot<\/strong><\/h2><\/div>\n\n\n<ul class=\"wp-block-latest-posts__list wp-block-latest-posts\"><li><a class=\"wp-block-latest-posts__post-title\" href=\"https:\/\/neppers.dk\/woo\/ny-lampe-i-shoppen-noriko-spectra-charge-pro\/\">Ny lampe i shoppen: Noriko Spectra Charge Pro<\/a><\/li>\n<li><a class=\"wp-block-latest-posts__post-title\" href=\"https:\/\/neppers.dk\/woo\/%e2%9c%a8-produktspot-gelpolish-til-neglebidere\/\">\u2728  \u00a0Gelpolish til neglebidere?<\/a><\/li>\n<li><a class=\"wp-block-latest-posts__post-title\" href=\"https:\/\/neppers.dk\/woo\/%e2%9c%a8-produktspot-farver-der-hitter-de-mest-populaere-gelefarver\/\">\u2728  Farver der hitter \u2013 de mest popul\u00e6re gelefarver<\/a><\/li>\n<\/ul>\n\n\n<p><\/p>\n\n\n\n<div class=\"wp-block-uagb-advanced-heading uagb-block-8b1d514d\"><h2 class=\"uagb-heading-text\"><strong>\ud83c\udf93 KursusKrogen<\/strong><\/h2><\/div>\n\n\n<ul class=\"wp-block-latest-posts__list wp-block-latest-posts\"><li><a class=\"wp-block-latest-posts__post-title\" href=\"https:\/\/neppers.dk\/woo\/%f0%9f%8e%93-online-eller-fysisk-negleuddannelse-hvad-er-forskellen\/\">\ud83c\udf93 Online eller fysisk negleuddannelse \u2013 hvad er forskellen?<\/a><\/li>\n<li><a class=\"wp-block-latest-posts__post-title\" href=\"https:\/\/neppers.dk\/woo\/%f0%9f%8e%93-kursuskrogen-fra-nervoes-nybegynder-til-stolt-negletekniker\/\">\ud83c\udf93  Fra nerv\u00f8s nybegynder til stolt negletekniker<\/a><\/li>\n<li><a class=\"wp-block-latest-posts__post-title\" href=\"https:\/\/neppers.dk\/woo\/%f0%9f%8e%93-kursuskrogen-5-ting-du-skal-vide-foer-du-starter-paa-en-negleteknikeruddannelse\/\">\ud83c\udf93  5 ting du skal vide, f\u00f8r start<\/a><\/li>\n<\/ul>\n\n\n<p><\/p>\n\n\n\n<div class=\"wp-block-uagb-advanced-heading uagb-block-a5d5d273\"><h2 class=\"uagb-heading-text\"><strong>\u2702 FredagsFilen<\/strong><\/h2><\/div>\n\n\n<ul class=\"wp-block-latest-posts__list wp-block-latest-posts\"><\/ul>\n\n\n<p><\/p>\n","protected":false},"excerpt":{"rendered":"<p>sorteret i kategorier med de nyeste indl\u00e6g \u00f8verst \ud83d\udd2c Neglen\u00f8rderi \ud83d\udd8c PenselPr\u00e6cision \ud83d\udcac SalonSnak \u2728 ProduktSpot \ud83c\udf93 KursusKrogen \u2702 FredagsFilen<\/p>\n","protected":false},"author":1,"featured_media":0,"parent":0,"menu_order":0,"comment_status":"closed","ping_status":"closed","template":"","meta":{"_uag_custom_page_level_css":"","site-sidebar-layout":"default","site-content-layout":"","ast-site-content-layout":"default","site-content-style":"default","site-sidebar-style":"default","ast-global-header-display":"","ast-banner-title-visibility":"","ast-main-header-display":"","ast-hfb-above-header-display":"","ast-hfb-below-header-display":"","ast-hfb-mobile-header-display":"","site-post-title":"","ast-breadcrumbs-content":"","ast-featured-img":"","footer-sml-layout":"","ast-disable-related-posts":"","theme-transparent-header-meta":"","adv-header-id-meta":"","stick-header-meta":"","header-above-stick-meta":"","header-main-stick-meta":"","header-below-stick-meta":"","astra-migrate-meta-layouts":"default","ast-page-background-enabled":"default","ast-page-background-meta":{"desktop":{"background-color":"var(--ast-global-color-5)","background-image":"","background-repeat":"repeat","background-position":"center center","background-size":"auto","background-attachment":"scroll","background-type":"","background-media":"","overlay-type":"","overlay-color":"","overlay-opacity":"","overlay-gradient":""},"tablet":{"background-color":"","background-image":"","background-repeat":"repeat","background-position":"center center","background-size":"auto","background-attachment":"scroll","background-type":"","background-media":"","overlay-type":"","overlay-color":"","overlay-opacity":"","overlay-gradient":""},"mobile":{"background-color":"","background-image":"","background-repeat":"repeat","background-position":"center center","background-size":"auto","background-attachment":"scroll","background-type":"","background-media":"","overlay-type":"","overlay-color":"","overlay-opacity":"","overlay-gradient":""}},"ast-content-background-meta":{"desktop":{"background-color":"var(--ast-global-color-4)","background-image":"","background-repeat":"repeat","background-position":"center center","background-size":"auto","background-attachment":"scroll","background-type":"","background-media":"","overlay-type":"","overlay-color":"","overlay-opacity":"","overlay-gradient":""},"tablet":{"background-color":"var(--ast-global-color-4)","background-image":"","background-repeat":"repeat","background-position":"center center","background-size":"auto","background-attachment":"scroll","background-type":"","background-media":"","overlay-type":"","overlay-color":"","overlay-opacity":"","overlay-gradient":""},"mobile":{"background-color":"var(--ast-global-color-4)","background-image":"","background-repeat":"repeat","background-position":"center center","background-size":"auto","background-attachment":"scroll","background-type":"","background-media":"","overlay-type":"","overlay-color":"","overlay-opacity":"","overlay-gradient":""}},"slim_seo":{"title":"Alle Artikler fra Neglen\u00f8rderierne - Neppers Shop","description":"sorteret i kategorier med de nyeste indl\u00e6g \u00f8vers t \ud83d\udd2c Neglen\u00f8rderi \ud83d\udd8c PenselPr\u00e6cision \ud83d\udcac SalonSnak \u2728 ProduktSpot \ud83c\udf93 KursusKrogen \u2702 FredagsFilen"},"footnotes":""},"class_list":["post-7827","page","type-page","status-publish","hentry"],"uagb_featured_image_src":{"full":false,"thumbnail":false,"medium":false,"medium_large":false,"large":false,"1536x1536":false,"2048x2048":false,"lifterlms_certificate_background":false,"llms_notification_icon":false,"woocommerce_thumbnail":false,"woocommerce_single":false,"woocommerce_gallery_thumbnail":false,"variation_swatches_image_size":false,"variation_swatches_tooltip_size":false},"uagb_author_info":{"display_name":"admin","author_link":"https:\/\/neppers.dk\/woo\/author\/nepperswoo\/"},"uagb_comment_info":0,"uagb_excerpt":"sorteret i kategorier med de nyeste indl\u00e6g \u00f8verst \ud83d\udd2c Neglen\u00f8rderi \ud83d\udd8c PenselPr\u00e6cision \ud83d\udcac SalonSnak \u2728 ProduktSpot \ud83c\udf93 KursusKrogen \u2702 FredagsFilen","jetpack_sharing_enabled":true,"_links":{"self":[{"href":"https:\/\/neppers.dk\/woo\/wp-json\/wp\/v2\/pages\/7827","targetHints":{"allow":["GET"]}}],"collection":[{"href":"https:\/\/neppers.dk\/woo\/wp-json\/wp\/v2\/pages"}],"about":[{"href":"https:\/\/neppers.dk\/woo\/wp-json\/wp\/v2\/types\/page"}],"author":[{"embeddable":true,"href":"https:\/\/neppers.dk\/woo\/wp-json\/wp\/v2\/users\/1"}],"replies":[{"embeddable":true,"href":"https:\/\/neppers.dk\/woo\/wp-json\/wp\/v2\/comments?post=7827"}],"version-history":[{"count":1,"href":"https:\/\/neppers.dk\/woo\/wp-json\/wp\/v2\/pages\/7827\/revisions"}],"predecessor-version":[{"id":7828,"href":"https:\/\/neppers.dk\/woo\/wp-json\/wp\/v2\/pages\/7827\/revisions\/7828"}],"wp:attachment":[{"href":"https:\/\/neppers.dk\/woo\/wp-json\/wp\/v2\/media?parent=7827"}],"curies":[{"name":"wp","href":"https:\/\/api.w.org\/{rel}","templated":true}]}}